{"id":4644,"date":"2023-10-23T09:32:40","date_gmt":"2023-10-23T07:32:40","guid":{"rendered":"https:\/\/www.alpencampingmark.com\/priser\/"},"modified":"2025-11-04T16:15:59","modified_gmt":"2025-11-04T15:15:59","slug":"priser","status":"publish","type":"page","link":"https:\/\/www.alpencampingmark.com\/da\/priser\/","title":{"rendered":"Priser"},"content":{"rendered":"\t\t<div data-elementor-type=\"wp-page\" data-elementor-id=\"4644\" class=\"elementor elementor-4644 elementor-431\" data-elementor-post-type=\"page\">\n\t\t\t\t\t\t<section class=\"elementor-section elementor-top-section elementor-element elementor-element-5ea9718 elementor-section-boxed elementor-section-height-default elementor-section-height-default\" data-id=\"5ea9718\" data-element_type=\"section\" data-e-type=\"section\" data-settings=\"{&quot;background_background&quot;:&quot;classic&quot;}\">\n\t\t\t\t\t\t\t<div class=\"elementor-background-overlay\"><\/div>\n\t\t\t\t\t\t\t<div class=\"elementor-container elementor-column-gap-no\">\n\t\t\t\t\t<div class=\"elementor-column elementor-col-50 elementor-top-column elementor-element elementor-element-07a3955\" data-id=\"07a3955\" data-element_type=\"column\" data-e-type=\"column\">\n\t\t\t<div class=\"elementor-widget-wrap elementor-element-populated\">\n\t\t\t\t\t\t<div class=\"elementor-element elementor-element-a08ebdf elementor-widget elementor-widget-heading\" data-id=\"a08ebdf\" data-element_type=\"widget\" data-e-type=\"widget\" data-widget_type=\"heading.default\">\n\t\t\t\t<div class=\"elementor-widget-container\">\n\t\t\t\t\t<h2 class=\"elementor-heading-title elementor-size-default\">Priser 2026<\/h2>\t\t\t\t<\/div>\n\t\t\t\t<\/div>\n\t\t\t\t\t<\/div>\n\t\t<\/div>\n\t\t\t\t<div class=\"elementor-column elementor-col-50 elementor-top-column elementor-element elementor-element-3e8f7ed\" data-id=\"3e8f7ed\" data-element_type=\"column\" data-e-type=\"column\">\n\t\t\t<div class=\"elementor-widget-wrap\">\n\t\t\t\t\t\t\t<\/div>\n\t\t<\/div>\n\t\t\t\t\t<\/div>\n\t\t<\/section>\n\t\t\t\t<section class=\"elementor-section elementor-top-section elementor-element elementor-element-f97bc4d elementor-section-boxed elementor-section-height-default elementor-section-height-default\" data-id=\"f97bc4d\" data-element_type=\"section\" data-e-type=\"section\">\n\t\t\t\t\t\t<div class=\"elementor-container elementor-column-gap-default\">\n\t\t\t\t\t<div class=\"elementor-column elementor-col-100 elementor-top-column elementor-element elementor-element-83def75\" data-id=\"83def75\" data-element_type=\"column\" data-e-type=\"column\">\n\t\t\t<div class=\"elementor-widget-wrap elementor-element-populated\">\n\t\t\t\t\t\t<div class=\"elementor-element elementor-element-b547d7e elementor-widget elementor-widget-heading\" data-id=\"b547d7e\" data-element_type=\"widget\" data-e-type=\"widget\" data-widget_type=\"heading.default\">\n\t\t\t\t<div class=\"elementor-widget-container\">\n\t\t\t\t\t<h1 class=\"elementor-heading-title elementor-size-default\">Prisberegner<\/h1>\t\t\t\t<\/div>\n\t\t\t\t<\/div>\n\t\t\t\t\t<\/div>\n\t\t<\/div>\n\t\t\t\t\t<\/div>\n\t\t<\/section>\n\t\t\t\t<section class=\"elementor-section elementor-top-section elementor-element elementor-element-09be9b6 elementor-section-boxed elementor-section-height-default elementor-section-height-default\" data-id=\"09be9b6\" data-element_type=\"section\" data-e-type=\"section\">\n\t\t\t\t\t\t<div class=\"elementor-container elementor-column-gap-default\">\n\t\t\t\t\t<div class=\"elementor-column elementor-col-50 elementor-top-column elementor-element elementor-element-30ff8a0\" data-id=\"30ff8a0\" data-element_type=\"column\" data-e-type=\"column\" data-settings=\"{&quot;background_background&quot;:&quot;classic&quot;}\">\n\t\t\t<div class=\"elementor-widget-wrap elementor-element-populated\">\n\t\t\t\t\t\t<div class=\"elementor-element elementor-element-0cf4b46 elementor-widget elementor-widget-heading\" data-id=\"0cf4b46\" data-element_type=\"widget\" data-e-type=\"widget\" data-widget_type=\"heading.default\">\n\t\t\t\t<div class=\"elementor-widget-container\">\n\t\t\t\t\t<h3 class=\"elementor-heading-title elementor-size-default\">Lavs\u00e6son 24.04 - 30.06 og 01.09. - 25.09.<\/h3>\t\t\t\t<\/div>\n\t\t\t\t<\/div>\n\t\t\t\t<div class=\"elementor-element elementor-element-754fb49 elementor-widget-divider--view-line elementor-widget elementor-widget-divider\" data-id=\"754fb49\" data-element_type=\"widget\" data-e-type=\"widget\" data-widget_type=\"divider.default\">\n\t\t\t\t<div class=\"elementor-widget-container\">\n\t\t\t\t\t\t\t<div class=\"elementor-divider\">\n\t\t\t<span class=\"elementor-divider-separator\">\n\t\t\t\t\t\t<\/span>\n\t\t<\/div>\n\t\t\t\t\t\t<\/div>\n\t\t\t\t<\/div>\n\t\t\t\t<div class=\"elementor-element elementor-element-a3f029b elementor-widget elementor-widget-jet-form-builder-form\" data-id=\"a3f029b\" data-element_type=\"widget\" data-e-type=\"widget\" data-widget_type=\"jet-form-builder-form.default\">\n\t\t\t\t<div class=\"elementor-widget-container\">\n\t\t\t\t\t<link rel='stylesheet' id='wp-block-library-css' href='https:\/\/www.alpencampingmark.com\/wp-includes\/css\/dist\/block-library\/style.min.css?ver=0f1b2e90ea8d82b3e0adca52961502b2' media='all' \/>\n<style id=\"jet-form-builder-467-inline-css\"><\/style><form  class=\"jet-form-builder layout-column submit-type-reload\" action=\"https:\/\/www.alpencampingmark.com\/da\/wp-json\/wp\/v2\/pages\/4644\/?Q5rMn9=heBdayUViX&amp;method=reload\" method=\"POST\" data-form-id=\"467\" data-layout=\"column\" enctype=\"multipart\/form-data\" novalidate=\"null\" ssr_validation_method=\"rest\"><input type=\"hidden\" id=\"_wpnonce\" name=\"_wpnonce\" value=\"ae278f1439\" \/><input type=\"hidden\" name=\"_wp_http_referer\" value=\"\/da\/wp-json\/wp\/v2\/pages\/4644\" \/>\r\n<input type=\"hidden\" name=\"_jfb_current_render_states[]\" value=\"DEFAULT.STATE\" data-jfb-sync \/><input type=\"hidden\" class=\"jet-form-builder__field hidden-field\" name=\"_jet_engine_booking_form_id\" data-field-name=\"_jet_engine_booking_form_id\" value=\"467\">\n<input type=\"hidden\" class=\"jet-form-builder__field hidden-field\" name=\"_jet_engine_refer\" data-field-name=\"_jet_engine_refer\" value=\"https:\/\/www.alpencampingmark.com\/da\/wp-json\/wp\/v2\/pages\/4644\/\">\n<input type=\"hidden\" class=\"jet-form-builder__field hidden-field\" name=\"__queried_post_id\" data-field-name=\"__queried_post_id\" value=\"4644\">\n\n<input type=\"hidden\" class=\"jet-form-builder__field hidden-field\" name=\"post_id\" data-field-name=\"post_id\" data-jfb-sync=\"null\" value=\"4644\">\n\n\n\n\n<div class=\"wp-block-columns is-layout-flex wp-container-core-columns-is-layout-28f84493 wp-block-columns-is-layout-flex\">\n<div class=\"wp-block-column is-layout-flow wp-block-column-is-layout-flow\"><div  class=\"jet-form-builder-row field-type-select-field wp-block-jet-forms-select-field\">\n<div class=\"jet-form-builder__label\">\r\n<div class=\"jet-form-builder__label-text\">Anzahl Erwachsene<\/div><\/div><div class=\"jet-form-builder__field-wrap\">\n\t<select class=\"jet-form-builder__field select-field\" name=\"anzahl_erwachsene\" data-field-name=\"anzahl_erwachsene\" id=\"anzahl_erwachsene\" data-jfb-sync=\"null\">\n\t\t<option value=\"1erwachsener\"  data-calculate=\"27.50\">1 Erwachsener<\/option><option value=\"2erwachsene\"  data-calculate=\"38.50\">2 Erwachsene<\/option><option value=\"3erwachsene\"  data-calculate=\"49.50\">3 Erwachsene<\/option><option value=\"4erwachsene\"  data-calculate=\"60.50\">4 Erwachsene<\/option>\t<\/select>\n<\/div>\n<\/div><\/div>\n\n\n\n<div class=\"wp-block-column is-layout-flow wp-block-column-is-layout-flow\"><div  class=\"jet-form-builder-row field-type-select-field wp-block-jet-forms-select-field\">\n<div class=\"jet-form-builder__label\">\r\n<div class=\"jet-form-builder__label-text\">Anzahl Kinder<\/div><\/div><div class=\"jet-form-builder__field-wrap\">\n\t<select class=\"jet-form-builder__field select-field\" name=\"anzahl_kinder\" data-field-name=\"anzahl_kinder\" id=\"anzahl_kinder\" data-jfb-sync=\"null\">\n\t\t<option value=\"keine Kinder\"  data-calculate=\"0\">keine Kinder<\/option><option value=\"1 Kind\"  data-calculate=\"6\">1 Kind<\/option><option value=\"2 Kinder\"  data-calculate=\"12\">2 Kinder<\/option><option value=\"3 Kinder\"  data-calculate=\"18\">3 Kinder<\/option><option value=\"4 Kinder\"  data-calculate=\"24\">4 Kinder<\/option>\t<\/select>\n<\/div>\n<\/div><\/div>\n<\/div>\n\n\n\n<div  class=\"jet-form-builder-row field-type-calculated-field\" >\n<div class=\"jet-form-builder__label\">\r\n<div class=\"jet-form-builder__label-text\">Preis<\/div><\/div><div data-formula=\"%anzahl_erwachsene%+%anzahl_kinder%\" data-name=\"preis\" data-precision=\"2\" data-sep-decimal=\".\" data-value-type=\"number\" data-date-format=\"YYYY-MM-DD\" class=\"jet-form-builder__calculated-field\">\n\t\t\t\t<div class=\"jet-form-builder__calculated-field-prefix\">\u20ac <\/div>\n\t\t<input type=\"hidden\"\n\t\t\tname=\"preis\"\n\t\t\tid=\"preis\"\n\t\t\tvalue=\"\"\n\t\t\tclass=\"jet-form-builder__calculated-field-input jet-form-builder__field\"\n\t\t\tdata-field-name=\"preis\"\n\t\t\tdata-jfb-sync\n\t\/>\n\t<div class=\"jet-form-builder__calculated-field-val\">0.00<\/div>\n\t\t<\/div>\n<\/div>\n\n\n\n<p><\/p>\n\t<div class=\"jet-form-builder-messages-wrap\" data-form-id=\"467\"><\/div>\n<\/form>\n\t\t\t\t<\/div>\n\t\t\t\t<\/div>\n\t\t\t\t\t<\/div>\n\t\t<\/div>\n\t\t\t\t<div class=\"elementor-column elementor-col-50 elementor-top-column elementor-element elementor-element-fa7aa65\" data-id=\"fa7aa65\" data-element_type=\"column\" data-e-type=\"column\">\n\t\t\t<div class=\"elementor-widget-wrap elementor-element-populated\">\n\t\t\t\t\t\t<div class=\"elementor-element elementor-element-af9b77e elementor-widget elementor-widget-heading\" data-id=\"af9b77e\" data-element_type=\"widget\" data-e-type=\"widget\" data-widget_type=\"heading.default\">\n\t\t\t\t<div class=\"elementor-widget-container\">\n\t\t\t\t\t<h3 class=\"elementor-heading-title elementor-size-default\">Hoveds\u00e6son 01.07. - 31.08.<\/h3>\t\t\t\t<\/div>\n\t\t\t\t<\/div>\n\t\t\t\t<div class=\"elementor-element elementor-element-3307cac elementor-widget-divider--view-line elementor-widget elementor-widget-divider\" data-id=\"3307cac\" data-element_type=\"widget\" data-e-type=\"widget\" data-widget_type=\"divider.default\">\n\t\t\t\t<div class=\"elementor-widget-container\">\n\t\t\t\t\t\t\t<div class=\"elementor-divider\">\n\t\t\t<span class=\"elementor-divider-separator\">\n\t\t\t\t\t\t<\/span>\n\t\t<\/div>\n\t\t\t\t\t\t<\/div>\n\t\t\t\t<\/div>\n\t\t\t\t<div class=\"elementor-element elementor-element-47ddf7b elementor-widget elementor-widget-jet-form-builder-form\" data-id=\"47ddf7b\" data-element_type=\"widget\" data-e-type=\"widget\" data-widget_type=\"jet-form-builder-form.default\">\n\t\t\t\t<div class=\"elementor-widget-container\">\n\t\t\t\t\t<style id=\"jet-form-builder-470-inline-css\"><\/style><form  class=\"jet-form-builder layout-column submit-type-reload\" action=\"https:\/\/www.alpencampingmark.com\/da\/wp-json\/wp\/v2\/pages\/4644\/?Q5rMn9=heBdayUViX&amp;method=reload\" method=\"POST\" data-form-id=\"470\" data-layout=\"column\" enctype=\"multipart\/form-data\" novalidate=\"null\" ssr_validation_method=\"rest\"><input type=\"hidden\" id=\"_wpnonce\" name=\"_wpnonce\" value=\"d8f3d47357\" \/><input type=\"hidden\" name=\"_wp_http_referer\" value=\"\/da\/wp-json\/wp\/v2\/pages\/4644\" \/>\r\n<input type=\"hidden\" name=\"_jfb_current_render_states[]\" value=\"DEFAULT.STATE\" data-jfb-sync \/><input type=\"hidden\" class=\"jet-form-builder__field hidden-field\" name=\"_jet_engine_booking_form_id\" data-field-name=\"_jet_engine_booking_form_id\" value=\"470\">\n<input type=\"hidden\" class=\"jet-form-builder__field hidden-field\" name=\"_jet_engine_refer\" data-field-name=\"_jet_engine_refer\" value=\"https:\/\/www.alpencampingmark.com\/da\/wp-json\/wp\/v2\/pages\/4644\/\">\n<input type=\"hidden\" class=\"jet-form-builder__field hidden-field\" name=\"__queried_post_id\" data-field-name=\"__queried_post_id\" value=\"4644\">\n\n<input type=\"hidden\" class=\"jet-form-builder__field hidden-field\" name=\"post_id\" data-field-name=\"post_id\" data-jfb-sync=\"null\" value=\"4644\">\n\n\n\n\n<div class=\"wp-block-columns is-layout-flex wp-container-core-columns-is-layout-28f84493 wp-block-columns-is-layout-flex\">\n<div class=\"wp-block-column is-layout-flow wp-block-column-is-layout-flow\"><div  class=\"jet-form-builder-row field-type-select-field wp-block-jet-forms-select-field\">\n<div class=\"jet-form-builder__label\">\r\n<div class=\"jet-form-builder__label-text\">Anzahl Erwachsene<\/div><\/div><div class=\"jet-form-builder__field-wrap\">\n\t<select class=\"jet-form-builder__field select-field\" name=\"anzahl_erwachsene\" data-field-name=\"anzahl_erwachsene\" id=\"anzahl_erwachsene_1\" data-jfb-sync=\"null\">\n\t\t<option value=\"1erwachsener\"  data-calculate=\"39.00\">1 Erwachsener<\/option><option value=\"2erwachsene\"  data-calculate=\"53.00\">2 Erwachsene<\/option><option value=\"3erwachsene\"  data-calculate=\"67.00\">3 Erwachsene<\/option><option value=\"4erwachsene\"  data-calculate=\"81.00\">4 Erwachsene<\/option>\t<\/select>\n<\/div>\n<\/div><\/div>\n\n\n\n<div class=\"wp-block-column is-layout-flow wp-block-column-is-layout-flow\"><div  class=\"jet-form-builder-row field-type-select-field wp-block-jet-forms-select-field\">\n<div class=\"jet-form-builder__label\">\r\n<div class=\"jet-form-builder__label-text\">Anzahl Kinder<\/div><\/div><div class=\"jet-form-builder__field-wrap\">\n\t<select class=\"jet-form-builder__field select-field\" name=\"anzahl_kinder\" data-field-name=\"anzahl_kinder\" id=\"anzahl_kinder_1\" data-jfb-sync=\"null\">\n\t\t<option value=\"keine Kinder\"  data-calculate=\"0\">keine Kinder<\/option><option value=\"1 Kind\"  data-calculate=\"8.30\">1 Kind<\/option><option value=\"2 Kinder\"  data-calculate=\"16.50\">2 Kinder<\/option><option value=\"3 Kinder\"  data-calculate=\"24.80\">3 Kinder<\/option><option value=\"4 Kinder\"  data-calculate=\"33\">4 Kinder<\/option>\t<\/select>\n<\/div>\n<\/div><\/div>\n<\/div>\n\n\n\n<div  class=\"jet-form-builder-row field-type-calculated-field\" >\n<div class=\"jet-form-builder__label\">\r\n<div class=\"jet-form-builder__label-text\">Preis<\/div><\/div><div data-formula=\"%anzahl_erwachsene%+%anzahl_kinder%\" data-name=\"preis\" data-precision=\"2\" data-sep-decimal=\".\" data-value-type=\"number\" data-date-format=\"YYYY-MM-DD\" class=\"jet-form-builder__calculated-field\">\n\t\t\t\t<div class=\"jet-form-builder__calculated-field-prefix\">\u20ac <\/div>\n\t\t<input type=\"hidden\"\n\t\t\tname=\"preis\"\n\t\t\tid=\"preis_1\"\n\t\t\tvalue=\"\"\n\t\t\tclass=\"jet-form-builder__calculated-field-input jet-form-builder__field\"\n\t\t\tdata-field-name=\"preis\"\n\t\t\tdata-jfb-sync\n\t\/>\n\t<div class=\"jet-form-builder__calculated-field-val\">0.00<\/div>\n\t\t<\/div>\n<\/div>\n\n\n\n<p><\/p>\n\t<div class=\"jet-form-builder-messages-wrap\" data-form-id=\"470\"><\/div>\n<\/form>\n\t\t\t\t<\/div>\n\t\t\t\t<\/div>\n\t\t\t\t\t<\/div>\n\t\t<\/div>\n\t\t\t\t\t<\/div>\n\t\t<\/section>\n\t\t\t\t<section class=\"elementor-section elementor-top-section elementor-element elementor-element-39197c7 elementor-section-boxed elementor-section-height-default elementor-section-height-default\" data-id=\"39197c7\" data-element_type=\"section\" data-e-type=\"section\">\n\t\t\t\t\t\t<div class=\"elementor-container elementor-column-gap-default\">\n\t\t\t\t\t<div class=\"elementor-column elementor-col-100 elementor-top-column elementor-element elementor-element-e368706\" data-id=\"e368706\" data-element_type=\"column\" data-e-type=\"column\">\n\t\t\t<div class=\"elementor-widget-wrap elementor-element-populated\">\n\t\t\t\t\t\t<div class=\"elementor-element elementor-element-a47e6e4 elementor-widget elementor-widget-text-editor\" data-id=\"a47e6e4\" data-element_type=\"widget\" data-e-type=\"widget\" data-widget_type=\"text-editor.default\">\n\t\t\t\t<div class=\"elementor-widget-container\">\n\t\t\t\t\t\t\t\t\t<p>De viste priser er pr. person pr. nat og plads, inklusive varme brusere, el, affalds-\/milj\u00f8gebyr, WiFi, lokal skat og moms. Derudover er alle fordelene ved SilverCard Flexi\/PLUS og et omfattende aktivitetsprogram i h\u00f8js\u00e6sonen, ponyridning osv. direkte p\u00e5 campingpladsen inkluderet; en opvarmet swimmingpool er ogs\u00e5 inkluderet.   <\/p><p>Voksne defineres som personer p\u00e5 15 \u00e5r og derover; b\u00f8rn under 2 \u00e5r betaler ikke gebyr.<br>Den lokale turistskat er 2,60 \u20ac pr. voksen pr. dag (15 \u00e5r og derover) og er inkluderet i ovenst\u00e5ende priser. <\/p><p>Hunde er tilladt p\u00e5 vores plads i b\u00e5de lavs\u00e6sonen og h\u00f8js\u00e6sonen og koster \u20ac6,00 pr. nat pr. hund, en ekstra bil\/telt\/trailer koster \u20ac6,00 pr. nat, autocampere over 8 m i totall\u00e6ngde koster et till\u00e6g p\u00e5 \u20ac6,00 i lavs\u00e6sonen og \u20ac10,00 i h\u00f8js\u00e6sonen. <\/p><p><span style=\"color: #ff0000;\">BEM\u00c6RK: ACSI CC + ADAC CC-specialprisen i lavs\u00e6sonen er underlagt et ekstra gebyr p\u00e5 6,00 \u20ac i lokal skat og affalds-\/milj\u00f8gebyrer. Ved ophold p\u00e5 kun \u00e9n nat till\u00e6gges et till\u00e6gsgebyr p\u00e5 5,00 \u20ac for \u00e9n nat (eksklusive ACSI CC og ADAC CC).   <\/span><\/p>\t\t\t\t\t\t\t\t<\/div>\n\t\t\t\t<\/div>\n\t\t\t\t\t<\/div>\n\t\t<\/div>\n\t\t\t\t\t<\/div>\n\t\t<\/section>\n\t\t\t\t<\/div>\n\t\t","protected":false},"excerpt":{"rendered":"<p>Priser 2026 Prisberegner Lavs\u00e6son 24.04 &#8211; 30.06 og 01.09. &#8211; 25.09. Anzahl Erwachsene 1 Erwachsener2 Erwachsene3 Erwachsene4 Erwachsene Anzahl Kinder keine Kinder1 Kind2 Kinder3 Kinder4 Kinder Preis \u20ac 0.00 Hoveds\u00e6son 01.07. &#8211; 31.08. Anzahl Erwachsene 1 Erwachsener2 Erwachsene3 Erwachsene4 Erwachsene Anzahl Kinder keine Kinder1 Kind2 Kinder3 Kinder4 Kinder Preis \u20ac 0.00 De viste priser er [&hellip;]<\/p>\n","protected":false},"author":1,"featured_media":0,"parent":0,"menu_order":0,"comment_status":"closed","ping_status":"closed","template":"","meta":{"iawp_total_views":543,"footnotes":""},"class_list":["post-4644","page","type-page","status-publish","hentry"],"_links":{"self":[{"href":"https:\/\/www.alpencampingmark.com\/da\/wp-json\/wp\/v2\/pages\/4644","targetHints":{"allow":["GET"]}}],"collection":[{"href":"https:\/\/www.alpencampingmark.com\/da\/wp-json\/wp\/v2\/pages"}],"about":[{"href":"https:\/\/www.alpencampingmark.com\/da\/wp-json\/wp\/v2\/types\/page"}],"author":[{"embeddable":true,"href":"https:\/\/www.alpencampingmark.com\/da\/wp-json\/wp\/v2\/users\/1"}],"replies":[{"embeddable":true,"href":"https:\/\/www.alpencampingmark.com\/da\/wp-json\/wp\/v2\/comments?post=4644"}],"version-history":[{"count":10,"href":"https:\/\/www.alpencampingmark.com\/da\/wp-json\/wp\/v2\/pages\/4644\/revisions"}],"predecessor-version":[{"id":6722,"href":"https:\/\/www.alpencampingmark.com\/da\/wp-json\/wp\/v2\/pages\/4644\/revisions\/6722"}],"wp:attachment":[{"href":"https:\/\/www.alpencampingmark.com\/da\/wp-json\/wp\/v2\/media?parent=4644"}],"curies":[{"name":"wp","href":"https:\/\/api.w.org\/{rel}","templated":true}]}}