{"id":3649,"date":"2023-10-19T09:53:52","date_gmt":"2023-10-19T07:53:52","guid":{"rendered":"https:\/\/www.alpencampingmark.com\/arrival\/"},"modified":"2024-06-10T09:28:17","modified_gmt":"2024-06-10T07:28:17","slug":"arrival","status":"publish","type":"page","link":"https:\/\/www.alpencampingmark.com\/en\/arrival\/","title":{"rendered":"Arrival"},"content":{"rendered":"\t\t<div data-elementor-type=\"wp-page\" data-elementor-id=\"3649\" class=\"elementor elementor-3649 elementor-288\" data-elementor-post-type=\"page\">\n\t\t\t\t\t\t<section class=\"elementor-section elementor-top-section elementor-element elementor-element-75b73bcf elementor-section-boxed elementor-section-height-default elementor-section-height-default\" data-id=\"75b73bcf\" data-element_type=\"section\" data-e-type=\"section\" data-settings=\"{&quot;background_background&quot;:&quot;classic&quot;}\">\n\t\t\t\t\t\t\t<div class=\"elementor-background-overlay\"><\/div>\n\t\t\t\t\t\t\t<div class=\"elementor-container elementor-column-gap-no\">\n\t\t\t\t\t<div class=\"elementor-column elementor-col-50 elementor-top-column elementor-element elementor-element-1897f15\" data-id=\"1897f15\" data-element_type=\"column\" data-e-type=\"column\">\n\t\t\t<div class=\"elementor-widget-wrap elementor-element-populated\">\n\t\t\t\t\t\t<div class=\"elementor-element elementor-element-14d9fe16 elementor-widget elementor-widget-heading\" data-id=\"14d9fe16\" data-element_type=\"widget\" data-e-type=\"widget\" data-widget_type=\"heading.default\">\n\t\t\t\t<div class=\"elementor-widget-container\">\n\t\t\t\t\t<h2 class=\"elementor-heading-title elementor-size-default\">Arrival<\/h2>\t\t\t\t<\/div>\n\t\t\t\t<\/div>\n\t\t\t\t<div class=\"elementor-element elementor-element-7db90263 elementor-widget elementor-widget-text-editor\" data-id=\"7db90263\" data-element_type=\"widget\" data-e-type=\"widget\" data-widget_type=\"text-editor.default\">\n\t\t\t\t<div class=\"elementor-widget-container\">\n\t\t\t\t\t\t\t\t\t<p>Here you can find out how best to get here by car and where exactly we are located.<\/p>\n\t\t\t\t\t\t\t\t<\/div>\n\t\t\t\t<\/div>\n\t\t\t\t\t<\/div>\n\t\t<\/div>\n\t\t\t\t<div class=\"elementor-column elementor-col-50 elementor-top-column elementor-element elementor-element-24a0046c\" data-id=\"24a0046c\" data-element_type=\"column\" data-e-type=\"column\">\n\t\t\t<div class=\"elementor-widget-wrap\">\n\t\t\t\t\t\t\t<\/div>\n\t\t<\/div>\n\t\t\t\t\t<\/div>\n\t\t<\/section>\n\t\t\t\t<section class=\"elementor-section elementor-top-section elementor-element elementor-element-1df1c55b elementor-section-content-middle elementor-section-boxed elementor-section-height-default elementor-section-height-default\" data-id=\"1df1c55b\" data-element_type=\"section\" data-e-type=\"section\">\n\t\t\t\t\t\t<div class=\"elementor-container elementor-column-gap-no\">\n\t\t\t\t\t<div class=\"elementor-column elementor-col-50 elementor-top-column elementor-element elementor-element-ddedc59\" data-id=\"ddedc59\" data-element_type=\"column\" data-e-type=\"column\">\n\t\t\t<div class=\"elementor-widget-wrap elementor-element-populated\">\n\t\t\t\t\t\t<div class=\"elementor-element elementor-element-33adeb0c elementor-widget__width-initial elementor-absolute elementor-hidden-tablet elementor-hidden-mobile elementor-widget elementor-widget-heading\" data-id=\"33adeb0c\" data-element_type=\"widget\" data-e-type=\"widget\" data-settings=\"{&quot;_position&quot;:&quot;absolute&quot;}\" data-widget_type=\"heading.default\">\n\t\t\t\t<div class=\"elementor-widget-container\">\n\t\t\t\t\t<h2 class=\"elementor-heading-title elementor-size-default\">Contact us<\/h2>\t\t\t\t<\/div>\n\t\t\t\t<\/div>\n\t\t\t\t<div class=\"elementor-element elementor-element-7a3d0bfa elementor-widget elementor-widget-heading\" data-id=\"7a3d0bfa\" data-element_type=\"widget\" data-e-type=\"widget\" data-widget_type=\"heading.default\">\n\t\t\t\t<div class=\"elementor-widget-container\">\n\t\t\t\t\t<h2 class=\"elementor-heading-title elementor-size-default\">Address<\/h2>\t\t\t\t<\/div>\n\t\t\t\t<\/div>\n\t\t\t\t<section class=\"elementor-section elementor-inner-section elementor-element elementor-element-74746bea elementor-section-boxed elementor-section-height-default elementor-section-height-default\" data-id=\"74746bea\" data-element_type=\"section\" data-e-type=\"section\">\n\t\t\t\t\t\t<div class=\"elementor-container elementor-column-gap-no\">\n\t\t\t\t\t<div class=\"elementor-column elementor-col-100 elementor-inner-column elementor-element elementor-element-1a7711c5\" data-id=\"1a7711c5\" data-element_type=\"column\" data-e-type=\"column\">\n\t\t\t<div class=\"elementor-widget-wrap elementor-element-populated\">\n\t\t\t\t\t\t<div class=\"elementor-element elementor-element-5ff12b63 elementor-widget elementor-widget-heading\" data-id=\"5ff12b63\" data-element_type=\"widget\" data-e-type=\"widget\" data-widget_type=\"heading.default\">\n\t\t\t\t<div class=\"elementor-widget-container\">\n\t\t\t\t\t<h2 class=\"elementor-heading-title elementor-size-default\">Alpine camping Mark<\/h2>\t\t\t\t<\/div>\n\t\t\t\t<\/div>\n\t\t\t\t<div class=\"elementor-element elementor-element-c415a16 elementor-icon-list--layout-traditional elementor-list-item-link-full_width elementor-widget elementor-widget-icon-list\" data-id=\"c415a16\" data-element_type=\"widget\" data-e-type=\"widget\" data-widget_type=\"icon-list.default\">\n\t\t\t\t<div class=\"elementor-widget-container\">\n\t\t\t\t\t\t\t<ul class=\"elementor-icon-list-items\">\n\t\t\t\t\t\t\t<li class=\"elementor-icon-list-item\">\n\t\t\t\t\t\t\t\t\t\t\t<a href=\"tel:%20+43%20699%20199%20991%2009\">\n\n\t\t\t\t\t\t\t\t\t\t\t\t<span class=\"elementor-icon-list-icon\">\n\t\t\t\t\t\t\t<i aria-hidden=\"true\" class=\"fas fa-phone-alt\"><\/i>\t\t\t\t\t\t<\/span>\n\t\t\t\t\t\t\t\t\t\t<span class=\"elementor-icon-list-text\">+43 (0) 699 199 991 09<\/span>\n\t\t\t\t\t\t\t\t\t\t\t<\/a>\n\t\t\t\t\t\t\t\t\t<\/li>\n\t\t\t\t\t\t\t\t<li class=\"elementor-icon-list-item\">\n\t\t\t\t\t\t\t\t\t\t\t<a href=\"https:\/\/wa.me\/4369919999109\" target=\"_blank\" rel=\"noopener\">\n\n\t\t\t\t\t\t\t\t\t\t\t\t<span class=\"elementor-icon-list-icon\">\n\t\t\t\t\t\t\t<i aria-hidden=\"true\" class=\"fab fa-whatsapp\"><\/i>\t\t\t\t\t\t<\/span>\n\t\t\t\t\t\t\t\t\t\t<span class=\"elementor-icon-list-text\">WhatsApp<\/span>\n\t\t\t\t\t\t\t\t\t\t\t<\/a>\n\t\t\t\t\t\t\t\t\t<\/li>\n\t\t\t\t\t\t\t\t<li class=\"elementor-icon-list-item\">\n\t\t\t\t\t\t\t\t\t\t\t<span class=\"elementor-icon-list-icon\">\n\t\t\t\t\t\t\t<i aria-hidden=\"true\" class=\"fas fa-envelope\"><\/i>\t\t\t\t\t\t<\/span>\n\t\t\t\t\t\t\t\t\t\t<span class=\"elementor-icon-list-text\">info@alpencampingmark.com<\/span>\n\t\t\t\t\t\t\t\t\t<\/li>\n\t\t\t\t\t\t\t\t<li class=\"elementor-icon-list-item\">\n\t\t\t\t\t\t\t\t\t\t\t<span class=\"elementor-icon-list-icon\">\n\t\t\t\t\t\t\t<i aria-hidden=\"true\" class=\"fas fa-map-marker-alt\"><\/i>\t\t\t\t\t\t<\/span>\n\t\t\t\t\t\t\t\t\t\t<span class=\"elementor-icon-list-text\">Bundesstra\u00dfe 12, 6116 Weer, Austria<\/span>\n\t\t\t\t\t\t\t\t\t<\/li>\n\t\t\t\t\t\t<\/ul>\n\t\t\t\t\t\t<\/div>\n\t\t\t\t<\/div>\n\t\t\t\t\t<\/div>\n\t\t<\/div>\n\t\t\t\t\t<\/div>\n\t\t<\/section>\n\t\t\t\t\t<\/div>\n\t\t<\/div>\n\t\t\t\t<div class=\"elementor-column elementor-col-50 elementor-top-column elementor-element elementor-element-7f679eee\" data-id=\"7f679eee\" data-element_type=\"column\" data-e-type=\"column\" data-settings=\"{&quot;background_background&quot;:&quot;classic&quot;}\">\n\t\t\t<div class=\"elementor-widget-wrap elementor-element-populated\">\n\t\t\t\t\t\t<div class=\"elementor-element elementor-element-a486a96 elementor-widget elementor-widget-jkit_accordion\" data-id=\"a486a96\" data-element_type=\"widget\" data-e-type=\"widget\" data-widget_type=\"jkit_accordion.default\">\n\t\t\t\t<div class=\"elementor-widget-container\">\n\t\t\t\t\t<div  class=\"jeg-elementor-kit jkit-accordion style-default jeg_module___69f5f95b58b25\" ><div class=\"card-wrapper \">\n                <div class=\"card-header\">\n                    <a href=\"#expand-67a95cf\" class=\"card-header-button\" aria-expanded=\"false\" data-target=\"#expand-67a95cf\" aria-controls=\"expand-67a95cf\">\n                        <span class=\"title\">Anreise aus ITA \/ D \u00fcber Fernpass \/ Innsbruck <\/span><div class=\"right-icon-group\">\n                <div class=\"normal-icon\"><i aria-hidden=\"true\" class=\"fas fa-chevron-down\"><\/i><\/div>\n                <div class=\"active-icon\"><i aria-hidden=\"true\" class=\"fas fa-chevron-up\"><\/i><\/div>\n            <\/div>\n                    <\/a>\n                <\/div>\n                <div class=\"card-expand\" id=\"expand-67a95cf\" style=\"display:none\"><div class=\"card-body\"><ul><li>Fahren Sie bei der Autobahnausfahrt Wattens aus.<\/li><li>Nehmen Sie die vierte Ausfahrt beim Kreisverkehr und folgen Sie der Stra\u00dfe.<img fetchpriority=\"high\" decoding=\"async\" class=\"alignnone size-medium wp-image-823\" src=\"https:\/\/www.alpencampingmark.com\/wp-content\/uploads\/2023\/11\/Screenshot-2023-11-15-083040-300x181.jpg\" alt=\"\" width=\"300\" height=\"181\" srcset=\"https:\/\/www.alpencampingmark.com\/wp-content\/uploads\/2023\/11\/Screenshot-2023-11-15-083040-300x181.jpg 300w, https:\/\/www.alpencampingmark.com\/wp-content\/uploads\/2023\/11\/Screenshot-2023-11-15-083040.jpg 458w\" sizes=\"(max-width: 300px) 100vw, 300px\" \/><\/li><\/ul><ul><li>Beim n\u00e4chsten Kreisverkehr nehmen Sie die 2te Ausfahrt.<img decoding=\"async\" class=\"alignnone size-medium wp-image-825\" src=\"https:\/\/www.alpencampingmark.com\/wp-content\/uploads\/2023\/11\/Screenshot-2023-11-15-0832474-300x156.jpg\" alt=\"\" width=\"300\" height=\"156\" srcset=\"https:\/\/www.alpencampingmark.com\/wp-content\/uploads\/2023\/11\/Screenshot-2023-11-15-0832474-300x156.jpg 300w, https:\/\/www.alpencampingmark.com\/wp-content\/uploads\/2023\/11\/Screenshot-2023-11-15-0832474.jpg 453w\" sizes=\"(max-width: 300px) 100vw, 300px\" \/><\/li><li>Sie fahren weiter bis zur\u00a0 Bundesstra\u00dfe und nehmen dort am Kreisverkehr auch die 2te Ausfahrt Richtung Kolsass\/Weer.<img decoding=\"async\" class=\"alignnone size-medium wp-image-826\" src=\"https:\/\/www.alpencampingmark.com\/wp-content\/uploads\/2023\/11\/Screenshot-2023-11-15-08330778-300x164.jpg\" alt=\"\" width=\"300\" height=\"164\" srcset=\"https:\/\/www.alpencampingmark.com\/wp-content\/uploads\/2023\/11\/Screenshot-2023-11-15-08330778-300x164.jpg 300w, https:\/\/www.alpencampingmark.com\/wp-content\/uploads\/2023\/11\/Screenshot-2023-11-15-08330778.jpg 455w\" sizes=\"(max-width: 300px) 100vw, 300px\" \/><\/li><li>Etwa 200 Meter nach der Kirche am Ende von Weer entlang der Bundesstra\u00dfe finden Sie rechts die Einfahrt zum Campingplatz, den Sie von der Bundesstra\u00dfe aus schon sehen. <img loading=\"lazy\" decoding=\"async\" class=\"alignnone size-medium wp-image-827\" src=\"https:\/\/www.alpencampingmark.com\/wp-content\/uploads\/2023\/11\/Screenshot-2023-11-15-08332556-300x150.jpg\" alt=\"\" width=\"300\" height=\"150\" srcset=\"https:\/\/www.alpencampingmark.com\/wp-content\/uploads\/2023\/11\/Screenshot-2023-11-15-08332556-300x150.jpg 300w, https:\/\/www.alpencampingmark.com\/wp-content\/uploads\/2023\/11\/Screenshot-2023-11-15-08332556.jpg 453w\" sizes=\"(max-width: 300px) 100vw, 300px\" \/><\/li><\/ul><p>\u00a0<\/p><p><a href=\"https:\/\/www.alpencampingmark.com\/wp-content\/uploads\/2023\/11\/Anfahrt_Italien_D-1.pdf\">Zum Ausdrucken als .pdf -&gt; Link in deutsch<\/a><\/p><p><a href=\"https:\/\/www.alpencampingmark.com\/wp-content\/uploads\/2023\/11\/Anfahrt_Italy_E-1.pdf\">To print as .pdf -&gt; link in englisch<\/a><\/p><\/div><\/div>\n            <\/div><div class=\"card-wrapper \">\n                <div class=\"card-header\">\n                    <a href=\"#expand-ba60a04\" class=\"card-header-button\" aria-expanded=\"false\" data-target=\"#expand-ba60a04\" aria-controls=\"expand-ba60a04\">\n                        <span class=\"title\">Anreise aus D (\u00fcber Achensee \/ Rosenheim)<\/span><div class=\"right-icon-group\">\n                <div class=\"normal-icon\"><i aria-hidden=\"true\" class=\"fas fa-chevron-down\"><\/i><\/div>\n                <div class=\"active-icon\"><i aria-hidden=\"true\" class=\"fas fa-chevron-up\"><\/i><\/div>\n            <\/div>\n                    <\/a>\n                <\/div>\n                <div class=\"card-expand\" id=\"expand-ba60a04\" style=\"display:none\"><div class=\"card-body\"><ul><li>Fahren Sie bei der Autobahnausfahrt Vomp aus.<\/li><li>Beim Kreisverkehr die 2te Ausfahrt Richtung Terfens.<img loading=\"lazy\" decoding=\"async\" class=\"alignnone size-medium wp-image-1310\" src=\"https:\/\/www.alpencampingmark.com\/wp-content\/uploads\/2023\/11\/Kreisverkehr-Vomp-300x266.jpg\" alt=\"\" width=\"300\" height=\"266\" srcset=\"https:\/\/www.alpencampingmark.com\/wp-content\/uploads\/2023\/11\/Kreisverkehr-Vomp-300x266.jpg 300w, https:\/\/www.alpencampingmark.com\/wp-content\/uploads\/2023\/11\/Kreisverkehr-Vomp.jpg 541w\" sizes=\"(max-width: 300px) 100vw, 300px\" \/><\/li><li>Bei der n\u00e4chsten gr\u00f6\u00dferen Kreuzung, biegen Sie nach links ab nach Pill.<img loading=\"lazy\" decoding=\"async\" class=\"alignnone size-medium wp-image-1311\" src=\"https:\/\/www.alpencampingmark.com\/wp-content\/uploads\/2023\/11\/nach-Pill-300x254.jpg\" alt=\"\" width=\"300\" height=\"254\" srcset=\"https:\/\/www.alpencampingmark.com\/wp-content\/uploads\/2023\/11\/nach-Pill-300x254.jpg 300w, https:\/\/www.alpencampingmark.com\/wp-content\/uploads\/2023\/11\/nach-Pill.jpg 566w\" sizes=\"(max-width: 300px) 100vw, 300px\" \/><\/li><li>Bei der n\u00e4chsten gr\u00f6\u00dferen Kreuzung in Pill biegen Sie nach rechts ab Richtung Weer<img loading=\"lazy\" decoding=\"async\" class=\"alignnone size-medium wp-image-1312\" src=\"https:\/\/www.alpencampingmark.com\/wp-content\/uploads\/2023\/11\/Pill-Weer-300x242.jpg\" alt=\"\" width=\"300\" height=\"242\" srcset=\"https:\/\/www.alpencampingmark.com\/wp-content\/uploads\/2023\/11\/Pill-Weer-300x242.jpg 300w, https:\/\/www.alpencampingmark.com\/wp-content\/uploads\/2023\/11\/Pill-Weer.jpg 596w\" sizes=\"(max-width: 300px) 100vw, 300px\" \/><\/li><li>Folgen Sie der Bundesstra\u00dfe bis knapp vor Weer.<\/li><li>Etwa 200 Meter vor der Kirche ist die Einfahrt zum Campingplatz auf der linken Seite, den Sie von der Bundesstra\u00dfe aus schon sehen (gro\u00dfes Schild \"Camping Mark\".)<img loading=\"lazy\" decoding=\"async\" class=\"alignnone size-medium wp-image-1313\" src=\"https:\/\/www.alpencampingmark.com\/wp-content\/uploads\/2023\/11\/Weer-300x225.jpg\" alt=\"\" width=\"300\" height=\"225\" srcset=\"https:\/\/www.alpencampingmark.com\/wp-content\/uploads\/2023\/11\/Weer-300x225.jpg 300w, https:\/\/www.alpencampingmark.com\/wp-content\/uploads\/2023\/11\/Weer.jpg 641w\" sizes=\"(max-width: 300px) 100vw, 300px\" \/><\/li><\/ul><p>\u00a0<\/p><p><a href=\"https:\/\/www.alpencampingmark.com\/wp-content\/uploads\/2023\/11\/Anfahrt-Deutschland-DE.pdf\">Zum Ausdrucken als .pdf -&gt; Link in deutsch<\/a><\/p><p><a href=\"https:\/\/www.alpencampingmark.com\/wp-content\/uploads\/2023\/11\/Anfahrt-Deutschland-EN-1.pdf\">To print as .pdf -&gt; link in englisch<\/a><\/p><\/div><\/div>\n            <\/div><\/div>\t\t\t\t<\/div>\n\t\t\t\t<\/div>\n\t\t\t\t<div class=\"elementor-element elementor-element-4efbf96 elementor-align-justify elementor-widget elementor-widget-button\" data-id=\"4efbf96\" data-element_type=\"widget\" data-e-type=\"widget\" data-widget_type=\"button.default\">\n\t\t\t\t<div class=\"elementor-widget-container\">\n\t\t\t\t\t\t\t\t\t<div class=\"elementor-button-wrapper\">\n\t\t\t\t\t<a class=\"elementor-button elementor-button-link elementor-size-sm\" href=\"https:\/\/maps.google.com\/maps\/dir\/\/Alpencamping+Mark+Bundesstra%C3%9Fe+12+6116+Weer\/@47.3067001,11.6492374,13z\/data=!4m5!4m4!1m0!1m2!1m1!1s0x479d631533895a77:0xeb2beb1e8af7d346\" target=\"_blank\" rel=\"noopener\">\n\t\t\t\t\t\t<span class=\"elementor-button-content-wrapper\">\n\t\t\t\t\t\t<span class=\"elementor-button-icon\">\n\t\t\t\t<i aria-hidden=\"true\" class=\"fas fa-map-marker-alt\"><\/i>\t\t\t<\/span>\n\t\t\t\t\t\t\t\t\t<span class=\"elementor-button-text\">To the Google Maps route planner<\/span>\n\t\t\t\t\t<\/span>\n\t\t\t\t\t<\/a>\n\t\t\t\t<\/div>\n\t\t\t\t\t\t\t\t<\/div>\n\t\t\t\t<\/div>\n\t\t\t\t\t<\/div>\n\t\t<\/div>\n\t\t\t\t\t<\/div>\n\t\t<\/section>\n\t\t\t\t<section class=\"elementor-section elementor-top-section elementor-element elementor-element-135999b0 elementor-section-full_width elementor-section-height-default elementor-section-height-default\" data-id=\"135999b0\" data-element_type=\"section\" data-e-type=\"section\">\n\t\t\t\t\t\t<div class=\"elementor-container elementor-column-gap-no\">\n\t\t\t\t\t<div class=\"elementor-column elementor-col-100 elementor-top-column elementor-element elementor-element-60604869\" data-id=\"60604869\" data-element_type=\"column\" data-e-type=\"column\">\n\t\t\t<div class=\"elementor-widget-wrap elementor-element-populated\">\n\t\t\t\t\t\t<div class=\"elementor-element elementor-element-482361f0 elementor-widget elementor-widget-google_maps\" data-id=\"482361f0\" data-element_type=\"widget\" data-e-type=\"widget\" data-widget_type=\"google_maps.default\">\n\t\t\t\t<div class=\"elementor-widget-container\">\n\t\t\t\t\t\t\t<div class=\"elementor-custom-embed\">\n\t\t\t<iframe loading=\"lazy\"\n\t\t\t\t\tsrc=\"https:\/\/maps.google.com\/maps?q=ALPENCAMPING%20MARK%20Bundesstra%C3%9Fe%2012%206116%20Weer%2C%20Austria&#038;t=m&#038;z=13&#038;output=embed&#038;iwloc=near\"\n\t\t\t\t\ttitle=\"ALPENCAMPING MARK Bundesstra\u00dfe 12 6116 Weer, Austria\"\n\t\t\t\t\taria-label=\"ALPENCAMPING MARK Bundesstra\u00dfe 12 6116 Weer, Austria\"\n\t\t\t><\/iframe>\n\t\t<\/div>\n\t\t\t\t\t\t<\/div>\n\t\t\t\t<\/div>\n\t\t\t\t\t<\/div>\n\t\t<\/div>\n\t\t\t\t\t<\/div>\n\t\t<\/section>\n\t\t\t\t<\/div>\n\t\t","protected":false},"excerpt":{"rendered":"<p>Arrival Here you can find out how best to get here by car and where exactly we are located. Contact us Address Alpine camping Mark +43 (0) 699 199 991 09 WhatsApp info@alpencampingmark.com Bundesstra\u00dfe 12, 6116 Weer, Austria Anreise aus ITA \/ D \u00fcber Fernpass \/ Innsbruck Fahren Sie bei der Autobahnausfahrt Wattens aus. Nehmen [&hellip;]<\/p>\n","protected":false},"author":1,"featured_media":0,"parent":0,"menu_order":0,"comment_status":"closed","ping_status":"closed","template":"","meta":{"iawp_total_views":678,"footnotes":""},"class_list":["post-3649","page","type-page","status-publish","hentry"],"_links":{"self":[{"href":"https:\/\/www.alpencampingmark.com\/en\/wp-json\/wp\/v2\/pages\/3649","targetHints":{"allow":["GET"]}}],"collection":[{"href":"https:\/\/www.alpencampingmark.com\/en\/wp-json\/wp\/v2\/pages"}],"about":[{"href":"https:\/\/www.alpencampingmark.com\/en\/wp-json\/wp\/v2\/types\/page"}],"author":[{"embeddable":true,"href":"https:\/\/www.alpencampingmark.com\/en\/wp-json\/wp\/v2\/users\/1"}],"replies":[{"embeddable":true,"href":"https:\/\/www.alpencampingmark.com\/en\/wp-json\/wp\/v2\/comments?post=3649"}],"version-history":[{"count":5,"href":"https:\/\/www.alpencampingmark.com\/en\/wp-json\/wp\/v2\/pages\/3649\/revisions"}],"predecessor-version":[{"id":3954,"href":"https:\/\/www.alpencampingmark.com\/en\/wp-json\/wp\/v2\/pages\/3649\/revisions\/3954"}],"wp:attachment":[{"href":"https:\/\/www.alpencampingmark.com\/en\/wp-json\/wp\/v2\/media?parent=3649"}],"curies":[{"name":"wp","href":"https:\/\/api.w.org\/{rel}","templated":true}]}}